{"id":1513,"date":"2018-09-27T14:49:29","date_gmt":"2018-09-27T12:49:29","guid":{"rendered":"https:\/\/www.lcvconversion.eu\/?page_id=1513"},"modified":"2023-03-07T14:42:38","modified_gmt":"2023-03-07T13:42:38","slug":"qui-suis-je","status":"publish","type":"page","link":"https:\/\/www.lcvconversion.eu\/fr\/qui-suis-je\/","title":{"rendered":"Qui suis-je"},"content":{"rendered":"<p><div class=\"fusion-fullwidth fullwidth-box fusion-builder-row-1 nonhundred-percent-fullwidth non-hundred-percent-height-scrolling\" style=\"--awb-border-sizes-top:0px;--awb-border-sizes-bottom:0px;--awb-border-sizes-left:0px;--awb-border-sizes-right:0px;--awb-border-radius-top-left:0px;--awb-border-radius-top-right:0px;--awb-border-radius-bottom-right:0px;--awb-border-radius-bottom-left:0px;--awb-padding-top:5%;--awb-padding-right:6%;--awb-padding-bottom:6%;--awb-padding-left:6%;\" ><div class=\"fusion-builder-row fusion-row\"><div class=\"fusion-layout-column fusion_builder_column fusion-builder-column-0 fusion_builder_column_1_3 1_3 fusion-one-third fusion-column-first fusion-animated\" style=\"--awb-bg-size:cover;--awb-margin-top:20px;--awb-margin-bottom:20px;width:30.6666%; margin-right: 4%;\" data-animationType=\"fadeInDown\" data-animationDuration=\"1.0\" data-animationOffset=\"top-into-view\"><div class=\"fusion-column-wrapper fusion-flex-column-wrapper-legacy\"><div class=\"fusion-text fusion-text-1\"><h2 style=\"text-align: left;\">Je suis consultant en strat\u00e9gie et manager de transition.<\/h2>\n<\/div><div class=\"fusion-clearfix\"><\/div><\/div><\/div><div class=\"fusion-layout-column fusion_builder_column fusion-builder-column-1 fusion_builder_column_2_3 2_3 fusion-two-third fusion-column-last fusion-animated\" style=\"--awb-bg-size:cover;--awb-margin-top:20px;--awb-margin-bottom:20px;width:65.3333%;\" data-animationType=\"fadeInDown\" data-animationDuration=\"1.0\" data-animationOffset=\"top-into-view\"><div class=\"fusion-column-wrapper fusion-flex-column-wrapper-legacy\"><div class=\"fusion-text fusion-text-2\"><p>Ma soci\u00e9t\u00e9, LCV Conversion GmbH, est prestataire de services pour le secteur automobile (OEM, distribution et fournisseurs).<br \/>\nCela fait de nombreuses ann\u00e9es que j&rsquo;op\u00e8re \u00e0 l&rsquo;\u00e9chelle internationale, avec un accent particulier sur le march\u00e9 fran\u00e7ais. Je suis consultant en strat\u00e9gie et manager de transition.<\/p>\n<p>J&rsquo;ai fond\u00e9 la soci\u00e9t\u00e9 en 2013. En avril 2018, j&rsquo;ai \u00e9t\u00e9 \u00e9lu manager de transition de l&rsquo;ann\u00e9e.<\/p>\n<\/div><div class=\"fusion-clearfix\"><\/div><\/div><\/div><\/div><\/div><div class=\"fusion-fullwidth fullwidth-box fusion-builder-row-2 nonhundred-percent-fullwidth non-hundred-percent-height-scrolling\" style=\"--awb-background-blend-mode:overlay;--awb-border-sizes-top:0px;--awb-border-sizes-bottom:0px;--awb-border-sizes-left:0px;--awb-border-sizes-right:0px;--awb-border-radius-top-left:0px;--awb-border-radius-top-right:0px;--awb-border-radius-bottom-right:0px;--awb-border-radius-bottom-left:0px;--awb-padding-top:5%;--awb-padding-right:6%;--awb-padding-bottom:6%;--awb-padding-left:6%;--awb-background-color:rgba(216,226,232,0.85);\" ><div class=\"fusion-builder-row fusion-row\"><div class=\"fusion-layout-column fusion_builder_column fusion-builder-column-2 fusion_builder_column_1_3 1_3 fusion-one-third fusion-column-first fusion-animated\" style=\"--awb-bg-size:cover;--awb-margin-top:20px;--awb-margin-bottom:20px;width:30.6666%; margin-right: 4%;\" data-animationType=\"fadeInDown\" data-animationDuration=\"1.0\" data-animationOffset=\"top-into-view\"><div class=\"fusion-column-wrapper fusion-flex-column-wrapper-legacy\"><div class=\"fusion-image-element in-legacy-container\" style=\"--awb-caption-title-font-family:var(--h2_typography-font-family);--awb-caption-title-font-weight:var(--h2_typography-font-weight);--awb-caption-title-font-style:var(--h2_typography-font-style);--awb-caption-title-size:var(--h2_typography-font-size);--awb-caption-title-transform:var(--h2_typography-text-transform);--awb-caption-title-line-height:var(--h2_typography-line-height);--awb-caption-title-letter-spacing:var(--h2_typography-letter-spacing);\"><span class=\" fusion-imageframe imageframe-none imageframe-1 hover-type-none\" class=\"image-magnify\" class=\"image-scroll\"><img decoding=\"async\" width=\"651\" height=\"853\" title=\"Heinz-Vollrath-Interim-Manager-10-ct\" src=\"https:\/\/www.lcvconversion.eu\/wp-content\/uploads\/2023\/03\/Heinz-Vollrath-Interim-Manager-10-ct.jpg\" alt class=\"img-responsive wp-image-1677\" srcset=\"https:\/\/www.lcvconversion.eu\/wp-content\/uploads\/2023\/03\/Heinz-Vollrath-Interim-Manager-10-ct-200x262.jpg 200w, https:\/\/www.lcvconversion.eu\/wp-content\/uploads\/2023\/03\/Heinz-Vollrath-Interim-Manager-10-ct-400x524.jpg 400w, https:\/\/www.lcvconversion.eu\/wp-content\/uploads\/2023\/03\/Heinz-Vollrath-Interim-Manager-10-ct-600x786.jpg 600w, https:\/\/www.lcvconversion.eu\/wp-content\/uploads\/2023\/03\/Heinz-Vollrath-Interim-Manager-10-ct.jpg 651w\" sizes=\"(max-width: 1000px) 100vw, 400px\" \/><\/span><\/div><div class=\"fusion-clearfix\"><\/div><\/div><\/div><div class=\"fusion-layout-column fusion_builder_column fusion-builder-column-3 fusion_builder_column_2_3 2_3 fusion-two-third fusion-column-last fusion-animated\" style=\"--awb-bg-size:cover;--awb-margin-top:20px;--awb-margin-bottom:20px;width:65.3333%;\" data-animationType=\"fadeInDown\" data-animationDuration=\"1.0\" data-animationOffset=\"top-into-view\"><div class=\"fusion-column-wrapper fusion-flex-column-wrapper-legacy\"><div class=\"fusion-text fusion-text-3\"><p><strong>Qui suis-je: Heinz Vollrath<\/strong><\/p>\n<p>Manager de transition et consultant, directeur g\u00e9n\u00e9ral et directeur des ventes avec de nombreuses ann\u00e9es d\u2019exp\u00e9rience dans le secteur automobile, cadre dirigeant chez OEMs (Daimler, Renault) et CEO chez des converter (Bucher, Modul-System)<\/p>\n<p><strong>\u00a0<\/strong><\/p>\n<p><strong>langues<\/strong>:<br \/>\nallemand, anglais, fran\u00e7ais<\/p>\n<p><strong>E-Mail: <\/strong><a href=\"mailto:hvo@lcvconversion.eu\">hvo@lcvconversion.eu<\/a><\/p>\n<p><a href=\"https:\/\/www.xing.com\/profile\/Heinz_Vollrath\/portfolio\" target=\"_blank\" rel=\"noopener\"><img decoding=\"async\" class=\"alignnone wp-image-1301\" src=\"https:\/\/www.lcvconversion.eu\/wp-content\/uploads\/2018\/08\/LCV-Conversion-vollrath-interim-management-27.png\" alt=\"\" width=\"40\" height=\"40\" srcset=\"https:\/\/www.lcvconversion.eu\/wp-content\/uploads\/2018\/08\/LCV-Conversion-vollrath-interim-management-27-66x66.png 66w, https:\/\/www.lcvconversion.eu\/wp-content\/uploads\/2018\/08\/LCV-Conversion-vollrath-interim-management-27-150x150.png 150w, https:\/\/www.lcvconversion.eu\/wp-content\/uploads\/2018\/08\/LCV-Conversion-vollrath-interim-management-27-200x200.png 200w, https:\/\/www.lcvconversion.eu\/wp-content\/uploads\/2018\/08\/LCV-Conversion-vollrath-interim-management-27-300x300.png 300w, https:\/\/www.lcvconversion.eu\/wp-content\/uploads\/2018\/08\/LCV-Conversion-vollrath-interim-management-27.png 400w\" sizes=\"(max-width: 40px) 100vw, 40px\" \/><\/a> <a href=\"https:\/\/www.linkedin.com\/in\/heinzvollrath\/\" target=\"_blank\" rel=\"noopener\"><img decoding=\"async\" class=\"alignnone wp-image-1300\" src=\"https:\/\/www.lcvconversion.eu\/wp-content\/uploads\/2018\/08\/LCV-Conversion-vollrath-interim-management-26.png\" alt=\"\" width=\"40\" height=\"40\" srcset=\"https:\/\/www.lcvconversion.eu\/wp-content\/uploads\/2018\/08\/LCV-Conversion-vollrath-interim-management-26-66x66.png 66w, https:\/\/www.lcvconversion.eu\/wp-content\/uploads\/2018\/08\/LCV-Conversion-vollrath-interim-management-26-150x150.png 150w, https:\/\/www.lcvconversion.eu\/wp-content\/uploads\/2018\/08\/LCV-Conversion-vollrath-interim-management-26-200x200.png 200w, https:\/\/www.lcvconversion.eu\/wp-content\/uploads\/2018\/08\/LCV-Conversion-vollrath-interim-management-26-300x300.png 300w, https:\/\/www.lcvconversion.eu\/wp-content\/uploads\/2018\/08\/LCV-Conversion-vollrath-interim-management-26.png 400w\" sizes=\"(max-width: 40px) 100vw, 40px\" \/><\/a><\/p>\n<\/div><div class=\"fusion-clearfix\"><\/div><\/div><\/div><\/div><\/div><div class=\"fusion-fullwidth fullwidth-box fusion-builder-row-3 nonhundred-percent-fullwidth non-hundred-percent-height-scrolling\" style=\"--awb-background-blend-mode:overlay;--awb-border-sizes-top:0px;--awb-border-sizes-bottom:0px;--awb-border-sizes-left:0px;--awb-border-sizes-right:0px;--awb-border-radius-top-left:0px;--awb-border-radius-top-right:0px;--awb-border-radius-bottom-right:0px;--awb-border-radius-bottom-left:0px;--awb-padding-top:5%;--awb-padding-right:6%;--awb-padding-bottom:6%;--awb-padding-left:6%;--awb-background-color:rgba(255,255,255,0.85);\" ><div class=\"fusion-builder-row fusion-row\"><div class=\"fusion-layout-column fusion_builder_column fusion-builder-column-4 fusion_builder_column_2_3 2_3 fusion-two-third fusion-column-first fusion-animated\" style=\"--awb-bg-size:cover;--awb-margin-top:20px;--awb-margin-bottom:20px;width:65.3333%; margin-right: 4%;\" data-animationType=\"fadeInDown\" data-animationDuration=\"1.0\" data-animationOffset=\"top-into-view\"><div class=\"fusion-column-wrapper fusion-flex-column-wrapper-legacy\"><div class=\"fusion-text fusion-text-4\"><p><strong>\u201eManager de Transition de l&rsquo;ann\u00e9e 2018&Prime;<\/strong><\/p>\n<p>Heinz Vollrath est manager de transition et gestionnaire de projet, ainsi que consultant dans l\u2019environnement automobile international. <\/p>\n<p>Le AIMP (F\u00e9d\u00e9ration des cabinets de manager de transition) l&rsquo;a honor\u00e9 pour ses r\u00e9sultats exceptionnels et son travail hautement professionnel en tant que chef de centre service pour v\u00e9hicules utilitaires et machines de construction. Il a \u00e9t\u00e9 nomm\u00e9 \u00ab\u00a0Manager de transition de l&rsquo;ann\u00e9e 2018\u00a0\u00bb.<\/p>\n<p>Le prix du \u00ab\u00a0Manager de transition de l&rsquo;ann\u00e9e 2018\u00a0\u00bb a \u00e9t\u00e9 attribu\u00e9 \u00e0 Heinz Vollrath, apr\u00e8s un excellent mandat pour une entreprise familiale du Bade-Wurtemberg, qui a \u00e9t\u00e9 assist\u00e9 par le cabinet AC ALPHAMANAGEMENT GmbH.<\/p>\n<p>Bodo Blanke, directeur g\u00e9n\u00e9ral du cabinet, a d\u00e9clar\u00e9 lors de la c\u00e9r\u00e9monie: \u00ab\u00a0La grande force de Heinz Vollrath r\u00e9side dans sa capacit\u00e9 \u00e0 motiver ses employ\u00e9s, ses coll\u00e8gues et ses clients \u00e0 changer et \u00e0 optimiser les choses. Il le fait de mani\u00e8re positive et amicale, il est donc facile de le suivre. Il trouve toujours le bon ton. Heinz Vollrath est le garant d\u2019un projet r\u00e9ussi pour le cabinet.\u00a0\u00bb<\/p>\n<\/div><div class=\"fusion-alignleft\"><a class=\"fusion-button button-flat fusion-button-default-size button-default fusion-button-default button-1 fusion-button-default-span fusion-button-default-type\" target=\"_blank\" rel=\"noopener noreferrer\" href=\"https:\/\/www.lcvconversion.eu\/wp-content\/uploads\/2018\/08\/2018_04_25-Pressemitteilung-VOLLRATH-Heinz-Interim-Manager-des-Jahres-2018.pdf\"><span class=\"fusion-button-text\">Download reportage de presse<\/span><\/a><\/div><div class=\"fusion-clearfix\"><\/div><\/div><\/div><div class=\"fusion-layout-column fusion_builder_column fusion-builder-column-5 fusion_builder_column_1_3 1_3 fusion-one-third fusion-column-last fusion-animated\" style=\"--awb-bg-size:cover;--awb-margin-top:20px;--awb-margin-bottom:20px;width:30.6666%;\" data-animationType=\"fadeInDown\" data-animationDuration=\"1.0\" data-animationOffset=\"top-into-view\"><div class=\"fusion-column-wrapper fusion-flex-column-wrapper-legacy\"><div class=\"fusion-image-element in-legacy-container\" style=\"--awb-caption-title-font-family:var(--h2_typography-font-family);--awb-caption-title-font-weight:var(--h2_typography-font-weight);--awb-caption-title-font-style:var(--h2_typography-font-style);--awb-caption-title-size:var(--h2_typography-font-size);--awb-caption-title-transform:var(--h2_typography-text-transform);--awb-caption-title-line-height:var(--h2_typography-line-height);--awb-caption-title-letter-spacing:var(--h2_typography-letter-spacing);\"><span class=\" fusion-imageframe imageframe-none imageframe-2 hover-type-none\" class=\"image-magnify\" class=\"image-scroll\"><img decoding=\"async\" width=\"700\" height=\"900\" title=\"LCV-Conversion-vollrath-interim-management-IM-2018\" src=\"https:\/\/www.lcvconversion.eu\/wp-content\/uploads\/2018\/08\/LCV-Conversion-vollrath-interim-management-IM-2018.png\" alt class=\"img-responsive wp-image-1520\" srcset=\"https:\/\/www.lcvconversion.eu\/wp-content\/uploads\/2018\/08\/LCV-Conversion-vollrath-interim-management-IM-2018-200x257.png 200w, https:\/\/www.lcvconversion.eu\/wp-content\/uploads\/2018\/08\/LCV-Conversion-vollrath-interim-management-IM-2018-400x514.png 400w, https:\/\/www.lcvconversion.eu\/wp-content\/uploads\/2018\/08\/LCV-Conversion-vollrath-interim-management-IM-2018-600x771.png 600w, https:\/\/www.lcvconversion.eu\/wp-content\/uploads\/2018\/08\/LCV-Conversion-vollrath-interim-management-IM-2018.png 700w\" sizes=\"(max-width: 1000px) 100vw, 400px\" \/><\/span><\/div><div class=\"fusion-clearfix\"><\/div><\/div><\/div><\/div><\/div><\/p>\n","protected":false},"excerpt":{"rendered":"","protected":false},"author":4,"featured_media":0,"parent":0,"menu_order":0,"comment_status":"closed","ping_status":"closed","template":"100-width.php","meta":[],"yoast_head":"<!-- This site is optimized with the Yoast SEO plugin v20.5 - https:\/\/yoast.com\/wordpress\/plugins\/seo\/ -->\n<title>Qui suis-je - LC\u200aV Conversion<\/title>\n<meta name=\"description\" content=\"Je suis consultant en strat\u00e9gie et manager de transition. Ma soci\u00e9t\u00e9, LCV Conversion GmbH, est prestataire de services pour le secteur automobile (OEM, distribution et fournisseurs).\" \/>\n<meta name=\"robots\" content=\"index, follow, max-snippet:-1, max-image-preview:large, max-video-preview:-1\" \/>\n<link rel=\"canonical\" href=\"https:\/\/www.lcvconversion.eu\/fr\/qui-suis-je\/\" \/>\n<meta property=\"og:locale\" content=\"fr_FR\" \/>\n<meta property=\"og:type\" content=\"article\" \/>\n<meta property=\"og:title\" content=\"Qui suis-je - LC\u200aV Conversion\" \/>\n<meta property=\"og:description\" content=\"Je suis consultant en strat\u00e9gie et manager de transition. Ma soci\u00e9t\u00e9, LCV Conversion GmbH, est prestataire de services pour le secteur automobile (OEM, distribution et fournisseurs).\" \/>\n<meta property=\"og:url\" content=\"https:\/\/www.lcvconversion.eu\/fr\/qui-suis-je\/\" \/>\n<meta property=\"og:site_name\" content=\"LC\u200aV Conversion\" \/>\n<meta property=\"article:modified_time\" content=\"2023-03-07T13:42:38+00:00\" \/>\n<meta property=\"og:image\" content=\"https:\/\/www.lcvconversion.eu\/wp-content\/uploads\/2018\/08\/LCV-Conversion-vollrath-interim-management-27.png\" \/>\n<meta name=\"twitter:card\" content=\"summary_large_image\" \/>\n<meta name=\"twitter:label1\" content=\"Dur\u00e9e de lecture estim\u00e9e\" \/>\n\t<meta name=\"twitter:data1\" content=\"7 minutes\" \/>\n<script type=\"application\/ld+json\" class=\"yoast-schema-graph\">{\"@context\":\"https:\/\/schema.org\",\"@graph\":[{\"@type\":\"WebPage\",\"@id\":\"https:\/\/www.lcvconversion.eu\/fr\/qui-suis-je\/\",\"url\":\"https:\/\/www.lcvconversion.eu\/fr\/qui-suis-je\/\",\"name\":\"Qui suis-je - LC\u200aV Conversion\",\"isPartOf\":{\"@id\":\"https:\/\/www.lcvconversion.eu\/#website\"},\"datePublished\":\"2018-09-27T12:49:29+00:00\",\"dateModified\":\"2023-03-07T13:42:38+00:00\",\"description\":\"Je suis consultant en strat\u00e9gie et manager de transition. Ma soci\u00e9t\u00e9, LCV Conversion GmbH, est prestataire de services pour le secteur automobile (OEM, distribution et fournisseurs).\",\"breadcrumb\":{\"@id\":\"https:\/\/www.lcvconversion.eu\/fr\/qui-suis-je\/#breadcrumb\"},\"inLanguage\":\"fr-FR\",\"potentialAction\":[{\"@type\":\"ReadAction\",\"target\":[\"https:\/\/www.lcvconversion.eu\/fr\/qui-suis-je\/\"]}]},{\"@type\":\"BreadcrumbList\",\"@id\":\"https:\/\/www.lcvconversion.eu\/fr\/qui-suis-je\/#breadcrumb\",\"itemListElement\":[{\"@type\":\"ListItem\",\"position\":1,\"name\":\"Startseite\",\"item\":\"https:\/\/www.lcvconversion.eu\/fr\/\"},{\"@type\":\"ListItem\",\"position\":2,\"name\":\"Qui suis-je\"}]},{\"@type\":\"WebSite\",\"@id\":\"https:\/\/www.lcvconversion.eu\/#website\",\"url\":\"https:\/\/www.lcvconversion.eu\/\",\"name\":\"LC\u200aV Conversion\",\"description\":\"Experten f\u00fcr Flotten und Transporter\",\"potentialAction\":[{\"@type\":\"SearchAction\",\"target\":{\"@type\":\"EntryPoint\",\"urlTemplate\":\"https:\/\/www.lcvconversion.eu\/?s={search_term_string}\"},\"query-input\":\"required name=search_term_string\"}],\"inLanguage\":\"fr-FR\"}]}<\/script>\n<!-- \/ Yoast SEO plugin. -->","yoast_head_json":{"title":"Qui suis-je - LC\u200aV Conversion","description":"Je suis consultant en strat\u00e9gie et manager de transition. Ma soci\u00e9t\u00e9, LCV Conversion GmbH, est prestataire de services pour le secteur automobile (OEM, distribution et fournisseurs).","robots":{"index":"index","follow":"follow","max-snippet":"max-snippet:-1","max-image-preview":"max-image-preview:large","max-video-preview":"max-video-preview:-1"},"canonical":"https:\/\/www.lcvconversion.eu\/fr\/qui-suis-je\/","og_locale":"fr_FR","og_type":"article","og_title":"Qui suis-je - LC\u200aV Conversion","og_description":"Je suis consultant en strat\u00e9gie et manager de transition. Ma soci\u00e9t\u00e9, LCV Conversion GmbH, est prestataire de services pour le secteur automobile (OEM, distribution et fournisseurs).","og_url":"https:\/\/www.lcvconversion.eu\/fr\/qui-suis-je\/","og_site_name":"LC\u200aV Conversion","article_modified_time":"2023-03-07T13:42:38+00:00","og_image":[{"url":"https:\/\/www.lcvconversion.eu\/wp-content\/uploads\/2018\/08\/LCV-Conversion-vollrath-interim-management-27.png"}],"twitter_card":"summary_large_image","twitter_misc":{"Dur\u00e9e de lecture estim\u00e9e":"7 minutes"},"schema":{"@context":"https:\/\/schema.org","@graph":[{"@type":"WebPage","@id":"https:\/\/www.lcvconversion.eu\/fr\/qui-suis-je\/","url":"https:\/\/www.lcvconversion.eu\/fr\/qui-suis-je\/","name":"Qui suis-je - LC\u200aV Conversion","isPartOf":{"@id":"https:\/\/www.lcvconversion.eu\/#website"},"datePublished":"2018-09-27T12:49:29+00:00","dateModified":"2023-03-07T13:42:38+00:00","description":"Je suis consultant en strat\u00e9gie et manager de transition. Ma soci\u00e9t\u00e9, LCV Conversion GmbH, est prestataire de services pour le secteur automobile (OEM, distribution et fournisseurs).","breadcrumb":{"@id":"https:\/\/www.lcvconversion.eu\/fr\/qui-suis-je\/#breadcrumb"},"inLanguage":"fr-FR","potentialAction":[{"@type":"ReadAction","target":["https:\/\/www.lcvconversion.eu\/fr\/qui-suis-je\/"]}]},{"@type":"BreadcrumbList","@id":"https:\/\/www.lcvconversion.eu\/fr\/qui-suis-je\/#breadcrumb","itemListElement":[{"@type":"ListItem","position":1,"name":"Startseite","item":"https:\/\/www.lcvconversion.eu\/fr\/"},{"@type":"ListItem","position":2,"name":"Qui suis-je"}]},{"@type":"WebSite","@id":"https:\/\/www.lcvconversion.eu\/#website","url":"https:\/\/www.lcvconversion.eu\/","name":"LC\u200aV Conversion","description":"Experten f\u00fcr Flotten und Transporter","potentialAction":[{"@type":"SearchAction","target":{"@type":"EntryPoint","urlTemplate":"https:\/\/www.lcvconversion.eu\/?s={search_term_string}"},"query-input":"required name=search_term_string"}],"inLanguage":"fr-FR"}]}},"_links":{"self":[{"href":"https:\/\/www.lcvconversion.eu\/fr\/wp-json\/wp\/v2\/pages\/1513"}],"collection":[{"href":"https:\/\/www.lcvconversion.eu\/fr\/wp-json\/wp\/v2\/pages"}],"about":[{"href":"https:\/\/www.lcvconversion.eu\/fr\/wp-json\/wp\/v2\/types\/page"}],"author":[{"embeddable":true,"href":"https:\/\/www.lcvconversion.eu\/fr\/wp-json\/wp\/v2\/users\/4"}],"replies":[{"embeddable":true,"href":"https:\/\/www.lcvconversion.eu\/fr\/wp-json\/wp\/v2\/comments?post=1513"}],"version-history":[{"count":1,"href":"https:\/\/www.lcvconversion.eu\/fr\/wp-json\/wp\/v2\/pages\/1513\/revisions"}],"predecessor-version":[{"id":1680,"href":"https:\/\/www.lcvconversion.eu\/fr\/wp-json\/wp\/v2\/pages\/1513\/revisions\/1680"}],"wp:attachment":[{"href":"https:\/\/www.lcvconversion.eu\/fr\/wp-json\/wp\/v2\/media?parent=1513"}],"curies":[{"name":"wp","href":"https:\/\/api.w.org\/{rel}","templated":true}]}}