{"id":1506,"date":"2018-09-27T14:45:56","date_gmt":"2018-09-27T12:45:56","guid":{"rendered":"https:\/\/www.lcvconversion.eu\/?page_id=1506"},"modified":"2018-10-16T11:52:09","modified_gmt":"2018-10-16T09:52:09","slug":"mission","status":"publish","type":"page","link":"https:\/\/www.lcvconversion.eu\/fr\/mission\/","title":{"rendered":"Mission"},"content":{"rendered":"<p><div class=\"fusion-fullwidth fullwidth-box fusion-builder-row-1 nonhundred-percent-fullwidth non-hundred-percent-height-scrolling\" style=\"--awb-border-radius-top-left:0px;--awb-border-radius-top-right:0px;--awb-border-radius-bottom-right:0px;--awb-border-radius-bottom-left:0px;--awb-padding-top:5%;--awb-padding-right:6%;--awb-padding-bottom:6%;--awb-padding-left:6%;--awb-border-sizes-top:0px;--awb-border-sizes-bottom:0px;\" ><div class=\"fusion-builder-row fusion-row\"><div class=\"fusion-layout-column fusion_builder_column fusion-builder-column-0 fusion_builder_column_1_3 1_3 fusion-one-third fusion-column-first fusion-animated\" style=\"--awb-bg-size:cover;--awb-margin-top:20px;--awb-margin-bottom:20px;width:30.6666%; margin-right: 4%;\" data-animationType=\"fadeInDown\" data-animationDuration=\"1.0\" data-animationOffset=\"top-into-view\"><div class=\"fusion-column-wrapper fusion-flex-column-wrapper-legacy\"><div class=\"fusion-text fusion-text-1\"><h2 style=\"text-align: left;\">Avec la soci\u00e9t\u00e9 LCV, je vous offre une activit\u00e9 de conseil en strat\u00e9gie et de management de transition, en particulier dans le secteur des v\u00e9hicules industriels et utilitaires.<\/h2>\n<\/div><div class=\"fusion-clearfix\"><\/div><\/div><\/div><div class=\"fusion-layout-column fusion_builder_column fusion-builder-column-1 fusion_builder_column_2_3 2_3 fusion-two-third fusion-column-last fusion-animated\" style=\"--awb-bg-size:cover;--awb-margin-top:20px;--awb-margin-bottom:20px;width:65.3333%;\" data-animationType=\"fadeInDown\" data-animationDuration=\"1.0\" data-animationOffset=\"top-into-view\"><div class=\"fusion-column-wrapper fusion-flex-column-wrapper-legacy\"><div class=\"fusion-text fusion-text-2\"><p>En effet, je travaille pour <strong>les carrossiers, les \u00e9quipementiers, mais aussi pour la distribution automobile et les soci\u00e9t\u00e9s de location<\/strong>. En bref : je suis l\u2019interlocuteur privil\u00e9gi\u00e9 pour toutes les soci\u00e9t\u00e9s intervenant sur le march\u00e9 automobile \u00e0 partir de sa sortie d\u2019usine.<\/p>\n<p>J\u2019interviens dans tout type de soci\u00e9t\u00e9, de la PME familiale au grand groupe. Mon exp\u00e9rience est \u00e9galement un atout majeur pour les <strong>startups et dans le d\u00e9veloppement de nouveaux mod\u00e8les d&rsquo;entreprise<\/strong>.<\/p>\n<p>Dans tout ce que je fais, l&rsquo;accent est toujours mis sur les <strong>avantages \u00e0 long terme pour les clients<\/strong>. Pour cela, je privil\u00e9gie une strat\u00e9gie ax\u00e9e sur les ventes, sans perdre de vue le contexte global. La mise en \u0153uvre p\u00e9renne des changements n\u00e9cessaires est \u00e9galement une priorit\u00e9. Ceci afin d\u2019assurer la transition au sein de l\u2019organisation \u00e0 la fin de ma mission.<\/p>\n<\/div><div class=\"fusion-clearfix\"><\/div><\/div><\/div><\/div><\/div><div id=\"make_an_enquiry\" class=\"fusion-container-anchor\"><div class=\"fusion-fullwidth fullwidth-box fusion-builder-row-2 nonhundred-percent-fullwidth non-hundred-percent-height-scrolling\" style=\"--awb-background-position:left top;--awb-border-radius-top-left:0px;--awb-border-radius-top-right:0px;--awb-border-radius-bottom-right:0px;--awb-border-radius-bottom-left:0px;--awb-padding-top:5%;--awb-padding-right:6%;--awb-padding-bottom:2%;--awb-padding-left:6%;--awb-background-color:rgba(216,226,232,0.85);--awb-border-sizes-top:0px;--awb-border-sizes-bottom:0px;\" ><div class=\"fusion-builder-row fusion-row\"><div class=\"fusion-layout-column fusion_builder_column fusion-builder-column-2 fusion_builder_column_1_3 1_3 fusion-one-third fusion-column-first fusion-animated\" style=\"--awb-bg-size:cover;width:33.333333333333%;width:calc(33.333333333333% - ( ( 2% + 2% ) * 0.33333333333333 ) );margin-right: 2%;\" data-animationType=\"fadeInDown\" data-animationDuration=\"1.0\" data-animationOffset=\"top-into-view\"><div class=\"fusion-column-wrapper fusion-flex-column-wrapper-legacy\"><div class=\"fusion-text fusion-text-3\"><h3>COMP\u00c9TENCES CL\u00c9S:<\/h3>\n<\/div><div class=\"fusion-sep-clear\"><\/div><div class=\"fusion-separator fusion-full-width-sep\" style=\"margin-left: auto;margin-right: auto;margin-top:20px;width:100%;\"><\/div><div class=\"fusion-sep-clear\"><\/div><div class=\"fusion-button-wrapper\"><a class=\"fusion-button button-flat button-medium button-default fusion-button-default button-1 fusion-button-default-span fusion-button-default-type\" target=\"_self\" href=\"#\"><span class=\"fusion-button-text\">KONTAKT AUFNEHMEN<\/span><\/a><\/div><div class=\"fusion-clearfix\"><\/div><\/div><\/div><div class=\"fusion-layout-column fusion_builder_column fusion-builder-column-3 fusion_builder_column_1_3 1_3 fusion-one-third fusion-animated\" style=\"--awb-bg-size:cover;width:33.333333333333%;width:calc(33.333333333333% - ( ( 2% + 2% ) * 0.33333333333333 ) );margin-right: 2%;\" data-animationType=\"fadeInDown\" data-animationDuration=\"1.0\" data-animationOffset=\"top-into-view\"><div class=\"fusion-column-wrapper fusion-flex-column-wrapper-legacy\"><ul style=\"--awb-size:20px;--awb-line-height:34px;--awb-icon-width:34px;--awb-icon-height:34px;--awb-icon-margin:14px;--awb-content-margin:48px;\" class=\"fusion-checklist fusion-checklist-1 fusion-checklist-default type-icons\"><li class=\"fusion-li-item\" style=\"\"><span class=\"icon-wrapper circle-no\"><i class=\"fusion-li-icon fa-check fas\" aria-hidden=\"true\"><\/i><\/span><div class=\"fusion-li-item-content\">\n<p style=\"margin-bottom: 20px;\">Conseil strat\u00e9gique dans le secteur des v\u00e9hicules utilitaires et carrossiers<\/p>\n<\/div><\/li><li class=\"fusion-li-item\" style=\"\"><span class=\"icon-wrapper circle-no\"><i class=\"fusion-li-icon fa-check fas\" aria-hidden=\"true\"><\/i><\/span><div class=\"fusion-li-item-content\">\n<p style=\"margin-bottom: 20px;\">Analyse et d\u00e9veloppement de processus<\/p>\n<\/div><\/li><li class=\"fusion-li-item\" style=\"\"><span class=\"icon-wrapper circle-no\"><i class=\"fusion-li-icon fa-check fas\" aria-hidden=\"true\"><\/i><\/span><div class=\"fusion-li-item-content\">\n<p style=\"margin-bottom: 20px;\">Analyse de march\u00e9 et d\u00e9veloppement de business plan<\/p>\n<\/div><\/li><li class=\"fusion-li-item\" style=\"\"><span class=\"icon-wrapper circle-no\"><i class=\"fusion-li-icon fa-check fas\" aria-hidden=\"true\"><\/i><\/span><div class=\"fusion-li-item-content\">\n<p style=\"margin-bottom: 20px;\">Responsabilit\u00e9 P&amp;L, expertise\/direction commerciale et technique<\/p>\n<\/div><\/li><li class=\"fusion-li-item\" style=\"\"><span class=\"icon-wrapper circle-no\"><i class=\"fusion-li-icon fa-check fas\" aria-hidden=\"true\"><\/i><\/span><div class=\"fusion-li-item-content\">\n<p style=\"margin-bottom: 20px;\">Canaux de distribution : vente directe, r\u00e9seaux de concessionnaires pour la vente et le service, grands comptes internationaux<\/p>\n<\/div><\/li><li class=\"fusion-li-item\" style=\"\"><span class=\"icon-wrapper circle-no\"><i class=\"fusion-li-icon fa-check fas\" aria-hidden=\"true\"><\/i><\/span><div class=\"fusion-li-item-content\">\n<p style=\"margin-bottom: 20px;\">Service apr\u00e8s-vente \u2013 Mise en place, standardisation et optimisation des processus<\/p>\n<\/div><\/li><\/ul><div class=\"fusion-clearfix\"><\/div><\/div><\/div><div class=\"fusion-layout-column fusion_builder_column fusion-builder-column-4 fusion_builder_column_1_3 1_3 fusion-one-third fusion-column-last fusion-animated\" style=\"--awb-bg-size:cover;width:33.333333333333%;width:calc(33.333333333333% - ( ( 2% + 2% ) * 0.33333333333333 ) );\" data-animationType=\"fadeInDown\" data-animationDuration=\"1.0\" data-animationOffset=\"top-into-view\"><div class=\"fusion-column-wrapper fusion-flex-column-wrapper-legacy\"><ul style=\"--awb-size:20px;--awb-line-height:34px;--awb-icon-width:34px;--awb-icon-height:34px;--awb-icon-margin:14px;--awb-content-margin:48px;\" class=\"fusion-checklist fusion-checklist-2 fusion-checklist-default type-icons\"><li class=\"fusion-li-item\" style=\"\"><span class=\"icon-wrapper circle-no\"><i class=\"fusion-li-icon fa-check fas\" aria-hidden=\"true\"><\/i><\/span><div class=\"fusion-li-item-content\">\n<p style=\"margin-bottom: 20px;\">R\u00e9organisation d\u2019entreprises<\/p>\n<\/div><\/li><li class=\"fusion-li-item\" style=\"\"><span class=\"icon-wrapper circle-no\"><i class=\"fusion-li-icon fa-check fas\" aria-hidden=\"true\"><\/i><\/span><div class=\"fusion-li-item-content\">\n<p style=\"margin-bottom: 20px;\">Intensification de la coop\u00e9ration avec les syndicats (Betriebsrat), consultation dans la prise de d\u00e9cision<\/p>\n<\/div><\/li><li class=\"fusion-li-item\" style=\"\"><span class=\"icon-wrapper circle-no\"><i class=\"fusion-li-icon fa-check fas\" aria-hidden=\"true\"><\/i><\/span><div class=\"fusion-li-item-content\">\n<p style=\"margin-bottom: 20px;\">D\u00e9finition des outils marketing (CRM, produits financiers\u2026) pour atteindre les objectifs fix\u00e9s en termes de d\u00e9veloppement commercial et service<\/p>\n<\/div><\/li><li class=\"fusion-li-item\" style=\"\"><span class=\"icon-wrapper circle-no\"><i class=\"fusion-li-icon fa-check fas\" aria-hidden=\"true\"><\/i><\/span><div class=\"fusion-li-item-content\">\n<p style=\"margin-bottom: 20px;\">Organisation des services commerciaux, ateliers et contr\u00f4le de gestion<\/p>\n<\/div><\/li><li class=\"fusion-li-item\" style=\"\"><span class=\"icon-wrapper circle-no\"><i class=\"fusion-li-icon fa-check fas\" aria-hidden=\"true\"><\/i><\/span><div class=\"fusion-li-item-content\">\n<p style=\"margin-bottom: 20px;\">Location VU et remarketing flottes<\/p>\n<\/div><\/li><\/ul><div class=\"fusion-clearfix\"><\/div><\/div><\/div><\/div><\/div><\/div><\/p>\n","protected":false},"excerpt":{"rendered":"","protected":false},"author":4,"featured_media":0,"parent":0,"menu_order":0,"comment_status":"closed","ping_status":"closed","template":"100-width.php","meta":[],"yoast_head":"<!-- This site is optimized with the Yoast SEO plugin v20.5 - https:\/\/yoast.com\/wordpress\/plugins\/seo\/ -->\n<title>Mission - LC\u200aV Conversion<\/title>\n<meta name=\"description\" content=\"Avec la soci\u00e9t\u00e9 LCV, je vous offre une activit\u00e9 de conseil en strat\u00e9gie et de management de transition, en particulier dans le secteur des v\u00e9hicules industriels et utilitaires.\" \/>\n<meta name=\"robots\" content=\"index, follow, max-snippet:-1, max-image-preview:large, max-video-preview:-1\" \/>\n<link rel=\"canonical\" href=\"https:\/\/www.lcvconversion.eu\/fr\/mission\/\" \/>\n<meta property=\"og:locale\" content=\"fr_FR\" \/>\n<meta property=\"og:type\" content=\"article\" \/>\n<meta property=\"og:title\" content=\"Mission - LC\u200aV Conversion\" \/>\n<meta property=\"og:description\" content=\"Avec la soci\u00e9t\u00e9 LCV, je vous offre une activit\u00e9 de conseil en strat\u00e9gie et de management de transition, en particulier dans le secteur des v\u00e9hicules industriels et utilitaires.\" \/>\n<meta property=\"og:url\" content=\"https:\/\/www.lcvconversion.eu\/fr\/mission\/\" \/>\n<meta property=\"og:site_name\" content=\"LC\u200aV Conversion\" \/>\n<meta property=\"article:modified_time\" content=\"2018-10-16T09:52:09+00:00\" \/>\n<meta name=\"twitter:card\" content=\"summary_large_image\" \/>\n<meta name=\"twitter:label1\" content=\"Dur\u00e9e de lecture estim\u00e9e\" \/>\n\t<meta name=\"twitter:data1\" content=\"6 minutes\" \/>\n<script type=\"application\/ld+json\" class=\"yoast-schema-graph\">{\"@context\":\"https:\/\/schema.org\",\"@graph\":[{\"@type\":\"WebPage\",\"@id\":\"https:\/\/www.lcvconversion.eu\/fr\/mission\/\",\"url\":\"https:\/\/www.lcvconversion.eu\/fr\/mission\/\",\"name\":\"Mission - LC\u200aV Conversion\",\"isPartOf\":{\"@id\":\"https:\/\/www.lcvconversion.eu\/#website\"},\"datePublished\":\"2018-09-27T12:45:56+00:00\",\"dateModified\":\"2018-10-16T09:52:09+00:00\",\"description\":\"Avec la soci\u00e9t\u00e9 LCV, je vous offre une activit\u00e9 de conseil en strat\u00e9gie et de management de transition, en particulier dans le secteur des v\u00e9hicules industriels et utilitaires.\",\"breadcrumb\":{\"@id\":\"https:\/\/www.lcvconversion.eu\/fr\/mission\/#breadcrumb\"},\"inLanguage\":\"fr-FR\",\"potentialAction\":[{\"@type\":\"ReadAction\",\"target\":[\"https:\/\/www.lcvconversion.eu\/fr\/mission\/\"]}]},{\"@type\":\"BreadcrumbList\",\"@id\":\"https:\/\/www.lcvconversion.eu\/fr\/mission\/#breadcrumb\",\"itemListElement\":[{\"@type\":\"ListItem\",\"position\":1,\"name\":\"Startseite\",\"item\":\"https:\/\/www.lcvconversion.eu\/fr\/\"},{\"@type\":\"ListItem\",\"position\":2,\"name\":\"Mission\"}]},{\"@type\":\"WebSite\",\"@id\":\"https:\/\/www.lcvconversion.eu\/#website\",\"url\":\"https:\/\/www.lcvconversion.eu\/\",\"name\":\"LC\u200aV Conversion\",\"description\":\"Experten f\u00fcr Flotten und Transporter\",\"potentialAction\":[{\"@type\":\"SearchAction\",\"target\":{\"@type\":\"EntryPoint\",\"urlTemplate\":\"https:\/\/www.lcvconversion.eu\/?s={search_term_string}\"},\"query-input\":\"required name=search_term_string\"}],\"inLanguage\":\"fr-FR\"}]}<\/script>\n<!-- \/ Yoast SEO plugin. -->","yoast_head_json":{"title":"Mission - LC\u200aV Conversion","description":"Avec la soci\u00e9t\u00e9 LCV, je vous offre une activit\u00e9 de conseil en strat\u00e9gie et de management de transition, en particulier dans le secteur des v\u00e9hicules industriels et utilitaires.","robots":{"index":"index","follow":"follow","max-snippet":"max-snippet:-1","max-image-preview":"max-image-preview:large","max-video-preview":"max-video-preview:-1"},"canonical":"https:\/\/www.lcvconversion.eu\/fr\/mission\/","og_locale":"fr_FR","og_type":"article","og_title":"Mission - LC\u200aV Conversion","og_description":"Avec la soci\u00e9t\u00e9 LCV, je vous offre une activit\u00e9 de conseil en strat\u00e9gie et de management de transition, en particulier dans le secteur des v\u00e9hicules industriels et utilitaires.","og_url":"https:\/\/www.lcvconversion.eu\/fr\/mission\/","og_site_name":"LC\u200aV Conversion","article_modified_time":"2018-10-16T09:52:09+00:00","twitter_card":"summary_large_image","twitter_misc":{"Dur\u00e9e de lecture estim\u00e9e":"6 minutes"},"schema":{"@context":"https:\/\/schema.org","@graph":[{"@type":"WebPage","@id":"https:\/\/www.lcvconversion.eu\/fr\/mission\/","url":"https:\/\/www.lcvconversion.eu\/fr\/mission\/","name":"Mission - LC\u200aV Conversion","isPartOf":{"@id":"https:\/\/www.lcvconversion.eu\/#website"},"datePublished":"2018-09-27T12:45:56+00:00","dateModified":"2018-10-16T09:52:09+00:00","description":"Avec la soci\u00e9t\u00e9 LCV, je vous offre une activit\u00e9 de conseil en strat\u00e9gie et de management de transition, en particulier dans le secteur des v\u00e9hicules industriels et utilitaires.","breadcrumb":{"@id":"https:\/\/www.lcvconversion.eu\/fr\/mission\/#breadcrumb"},"inLanguage":"fr-FR","potentialAction":[{"@type":"ReadAction","target":["https:\/\/www.lcvconversion.eu\/fr\/mission\/"]}]},{"@type":"BreadcrumbList","@id":"https:\/\/www.lcvconversion.eu\/fr\/mission\/#breadcrumb","itemListElement":[{"@type":"ListItem","position":1,"name":"Startseite","item":"https:\/\/www.lcvconversion.eu\/fr\/"},{"@type":"ListItem","position":2,"name":"Mission"}]},{"@type":"WebSite","@id":"https:\/\/www.lcvconversion.eu\/#website","url":"https:\/\/www.lcvconversion.eu\/","name":"LC\u200aV Conversion","description":"Experten f\u00fcr Flotten und Transporter","potentialAction":[{"@type":"SearchAction","target":{"@type":"EntryPoint","urlTemplate":"https:\/\/www.lcvconversion.eu\/?s={search_term_string}"},"query-input":"required name=search_term_string"}],"inLanguage":"fr-FR"}]}},"_links":{"self":[{"href":"https:\/\/www.lcvconversion.eu\/fr\/wp-json\/wp\/v2\/pages\/1506"}],"collection":[{"href":"https:\/\/www.lcvconversion.eu\/fr\/wp-json\/wp\/v2\/pages"}],"about":[{"href":"https:\/\/www.lcvconversion.eu\/fr\/wp-json\/wp\/v2\/types\/page"}],"author":[{"embeddable":true,"href":"https:\/\/www.lcvconversion.eu\/fr\/wp-json\/wp\/v2\/users\/4"}],"replies":[{"embeddable":true,"href":"https:\/\/www.lcvconversion.eu\/fr\/wp-json\/wp\/v2\/comments?post=1506"}],"version-history":[{"count":0,"href":"https:\/\/www.lcvconversion.eu\/fr\/wp-json\/wp\/v2\/pages\/1506\/revisions"}],"wp:attachment":[{"href":"https:\/\/www.lcvconversion.eu\/fr\/wp-json\/wp\/v2\/media?parent=1506"}],"curies":[{"name":"wp","href":"https:\/\/api.w.org\/{rel}","templated":true}]}}