{"id":1475,"date":"2018-09-27T14:27:40","date_gmt":"2018-09-27T12:27:40","guid":{"rendered":"https:\/\/www.lcvconversion.eu\/?page_id=1475"},"modified":"2021-05-24T18:35:56","modified_gmt":"2021-05-24T16:35:56","slug":"home","status":"publish","type":"page","link":"https:\/\/www.lcvconversion.eu\/fr\/","title":{"rendered":"Home"},"content":{"rendered":"<div class=\"fusion-fullwidth fullwidth-box fusion-builder-row-1 nonhundred-percent-fullwidth non-hundred-percent-height-scrolling fusion-equal-height-columns\" style=\"--awb-border-sizes-top:0px;--awb-border-sizes-bottom:0px;--awb-border-sizes-left:0px;--awb-border-sizes-right:0px;--awb-border-radius-top-left:0px;--awb-border-radius-top-right:0px;--awb-border-radius-bottom-right:0px;--awb-border-radius-bottom-left:0px;--awb-padding-top:3%;--awb-padding-right:6%;--awb-padding-bottom:3%;--awb-padding-left:6%;--awb-margin-top:0px;--awb-margin-bottom:0px;--awb-background-color:#ffffff;\" ><div class=\"fusion-builder-row fusion-row\"><div class=\"fusion-layout-column fusion_builder_column fusion-builder-column-0 fusion_builder_column_1_1 1_1 fusion-one-full fusion-column-first fusion-column-last fusion-column-no-min-height fusion-animated\" style=\"--awb-bg-size:cover;--awb-margin-top:60px;--awb-margin-bottom:70px;\" data-animationType=\"fadeInDown\" data-animationDuration=\"1.0\" data-animationOffset=\"top-into-view\"><div class=\"fusion-column-wrapper fusion-flex-column-wrapper-legacy\"><div class=\"fusion-text fusion-text-1\"><h2 style=\"text-align: center;\">Avec la soci\u00e9t\u00e9 LCV Conversion GmbH, je vous offre une activit\u00e9 de conseil en strat\u00e9gie et de management de transition dans <span style=\"color: #1b9dd8;\">le secteur automobile (OEM, distribution et fournisseurs)<\/span>. Je poss\u00e8de une expertise confirm\u00e9e dans le domaine des v\u00e9hicules industriels et utilitaires (carrossiers et \u00e9quipementiers).<\/h2>\n<\/div><div class=\"fusion-sep-clear\"><\/div><div class=\"fusion-separator\" style=\"margin-left: auto;margin-right: auto;margin-top:20px;margin-bottom:20px;width:100%;max-width:20px;\"><div class=\"fusion-separator-border sep-single sep-dotted\" style=\"--awb-height:20px;--awb-amount:20px;border-color:#ffffff;border-top-width:4px;\"><\/div><\/div><div class=\"fusion-sep-clear\"><\/div><div class=\"fusion-clearfix\"><\/div><\/div><\/div><div class=\"fusion-layout-column fusion_builder_column fusion-builder-column-1 fusion_builder_column_1_3 1_3 fusion-one-third fusion-column-first fusion-animated\" style=\"--awb-padding-top:30px;--awb-padding-right:30px;--awb-padding-bottom:30px;--awb-padding-left:30px;--awb-bg-color:#d8e2e8;--awb-bg-color-hover:#d8e2e8;--awb-bg-size:cover;--awb-margin-top:10px;--awb-margin-bottom:10px;width:30.6666%; margin-right: 4%;\" data-animationType=\"fadeInDown\" data-animationDuration=\"1.0\" data-animationOffset=\"top-into-view\"><div class=\"fusion-column-wrapper fusion-flex-column-wrapper-legacy\"><div class=\"fusion-image-element fusion-image-align-center in-legacy-container\" style=\"text-align:center;--awb-max-width:100px;--awb-caption-title-font-family:var(--h2_typography-font-family);--awb-caption-title-font-weight:var(--h2_typography-font-weight);--awb-caption-title-font-style:var(--h2_typography-font-style);--awb-caption-title-size:var(--h2_typography-font-size);--awb-caption-title-transform:var(--h2_typography-text-transform);--awb-caption-title-line-height:var(--h2_typography-line-height);--awb-caption-title-letter-spacing:var(--h2_typography-letter-spacing);\"><div class=\"imageframe-align-center\"><span class=\" fusion-imageframe imageframe-none imageframe-1 hover-type-none\" class=\"image-magnify\" class=\"image-scroll\"><img decoding=\"async\" width=\"300\" height=\"300\" title=\"LCV-Conversion-vollrath-interim-management-12\" src=\"https:\/\/www.lcvconversion.eu\/wp-content\/uploads\/2018\/08\/LCV-Conversion-vollrath-interim-management-12-300x300.png\" alt class=\"img-responsive wp-image-1485\" srcset=\"https:\/\/www.lcvconversion.eu\/wp-content\/uploads\/2018\/08\/LCV-Conversion-vollrath-interim-management-12-200x200.png 200w, https:\/\/www.lcvconversion.eu\/wp-content\/uploads\/2018\/08\/LCV-Conversion-vollrath-interim-management-12.png 400w\" sizes=\"(max-width: 1000px) 100vw, 300px\" \/><\/span><\/div><\/div><div class=\"fusion-text fusion-text-2\"><p style=\"text-align: center;\">Je mets \u00e0 la disposition de mes clients mes connaissances pouss\u00e9es du march\u00e9 et mes ann\u00e9es d\u2019exp\u00e9rience dans le domaine.<\/p>\n<\/div><div class=\"fusion-clearfix\"><\/div><\/div><\/div><div class=\"fusion-layout-column fusion_builder_column fusion-builder-column-2 fusion_builder_column_1_3 1_3 fusion-one-third fusion-animated\" style=\"--awb-padding-top:30px;--awb-padding-right:30px;--awb-padding-bottom:30px;--awb-padding-left:30px;--awb-bg-color:#d8e2e8;--awb-bg-color-hover:#d8e2e8;--awb-bg-size:cover;--awb-margin-top:10px;--awb-margin-bottom:10px;width:30.6666%; margin-right: 4%;\" data-animationType=\"fadeInDown\" data-animationDuration=\"1.0\" data-animationOffset=\"top-into-view\"><div class=\"fusion-column-wrapper fusion-flex-column-wrapper-legacy\"><div class=\"fusion-image-element fusion-image-align-center in-legacy-container\" style=\"text-align:center;--awb-max-width:100px;--awb-caption-title-font-family:var(--h2_typography-font-family);--awb-caption-title-font-weight:var(--h2_typography-font-weight);--awb-caption-title-font-style:var(--h2_typography-font-style);--awb-caption-title-size:var(--h2_typography-font-size);--awb-caption-title-transform:var(--h2_typography-text-transform);--awb-caption-title-line-height:var(--h2_typography-line-height);--awb-caption-title-letter-spacing:var(--h2_typography-letter-spacing);\"><div class=\"imageframe-align-center\"><span class=\" fusion-imageframe imageframe-none imageframe-2 hover-type-none\" class=\"image-magnify\" class=\"image-scroll\"><img decoding=\"async\" width=\"300\" height=\"300\" title=\"LCV-Conversion-vollrath-interim-management-14\" src=\"https:\/\/www.lcvconversion.eu\/wp-content\/uploads\/2018\/08\/LCV-Conversion-vollrath-interim-management-14-300x300.png\" alt class=\"img-responsive wp-image-1487\" srcset=\"https:\/\/www.lcvconversion.eu\/wp-content\/uploads\/2018\/08\/LCV-Conversion-vollrath-interim-management-14-200x200.png 200w, https:\/\/www.lcvconversion.eu\/wp-content\/uploads\/2018\/08\/LCV-Conversion-vollrath-interim-management-14.png 400w\" sizes=\"(max-width: 1000px) 100vw, 300px\" \/><\/span><\/div><\/div><div class=\"fusion-text fusion-text-3\"><p style=\"text-align: center;\">J&rsquo;op\u00e8re au niveau international et particuli\u00e8rement dans le cadre franco-allemand.<\/p>\n<\/div><div class=\"fusion-clearfix\"><\/div><\/div><\/div><div class=\"fusion-layout-column fusion_builder_column fusion-builder-column-3 fusion_builder_column_1_3 1_3 fusion-one-third fusion-column-last fusion-animated\" style=\"--awb-padding-top:30px;--awb-padding-right:30px;--awb-padding-bottom:30px;--awb-padding-left:30px;--awb-bg-color:#d8e2e8;--awb-bg-color-hover:#d8e2e8;--awb-bg-size:cover;--awb-margin-top:10px;--awb-margin-bottom:10px;width:30.6666%;\" data-animationType=\"fadeInDown\" data-animationDuration=\"1.0\" data-animationOffset=\"top-into-view\"><div class=\"fusion-column-wrapper fusion-flex-column-wrapper-legacy\"><div class=\"fusion-image-element fusion-image-align-center in-legacy-container\" style=\"text-align:center;--awb-max-width:100px;--awb-caption-title-font-family:var(--h2_typography-font-family);--awb-caption-title-font-weight:var(--h2_typography-font-weight);--awb-caption-title-font-style:var(--h2_typography-font-style);--awb-caption-title-size:var(--h2_typography-font-size);--awb-caption-title-transform:var(--h2_typography-text-transform);--awb-caption-title-line-height:var(--h2_typography-line-height);--awb-caption-title-letter-spacing:var(--h2_typography-letter-spacing);\"><div class=\"imageframe-align-center\"><span class=\" fusion-imageframe imageframe-none imageframe-3 hover-type-none\" class=\"image-magnify\" class=\"image-scroll\"><img decoding=\"async\" width=\"400\" height=\"400\" title=\"LCV-Conversion-vollrath-interim-management-30\" src=\"https:\/\/www.lcvconversion.eu\/wp-content\/uploads\/2018\/08\/LCV-Conversion-vollrath-interim-management-30.png\" alt class=\"img-responsive wp-image-1488\" srcset=\"https:\/\/www.lcvconversion.eu\/wp-content\/uploads\/2018\/08\/LCV-Conversion-vollrath-interim-management-30-200x200.png 200w, https:\/\/www.lcvconversion.eu\/wp-content\/uploads\/2018\/08\/LCV-Conversion-vollrath-interim-management-30.png 400w\" sizes=\"(max-width: 1000px) 100vw, 400px\" \/><\/span><\/div><\/div><div class=\"fusion-text fusion-text-4\"><p style=\"text-align: center;\">J&rsquo;ai fond\u00e9 la soci\u00e9t\u00e9 en 2013. En avril 2018, j&rsquo;ai \u00e9t\u00e9 \u00e9lu manager de transition de l&rsquo;ann\u00e9e.<\/p>\n<\/div><div class=\"fusion-clearfix\"><\/div><\/div><\/div><\/div><\/div>\n","protected":false},"excerpt":{"rendered":"","protected":false},"author":4,"featured_media":1483,"parent":0,"menu_order":0,"comment_status":"closed","ping_status":"open","template":"100-width.php","meta":[],"yoast_head":"<!-- This site is optimized with the Yoast SEO plugin v20.5 - https:\/\/yoast.com\/wordpress\/plugins\/seo\/ -->\n<title>Home - LC\u200aV Conversion<\/title>\n<meta name=\"description\" content=\"Avec la soci\u00e9t\u00e9 LCV Conversion GmbH, je vous offre une activit\u00e9 de conseil en strat\u00e9gie et de management de transition dans le secteur automobile (OEM, distribution et fournisseurs).\" \/>\n<meta name=\"robots\" content=\"index, follow, max-snippet:-1, max-image-preview:large, max-video-preview:-1\" \/>\n<link rel=\"canonical\" href=\"https:\/\/www.lcvconversion.eu\/fr\/\" \/>\n<meta property=\"og:locale\" content=\"fr_FR\" \/>\n<meta property=\"og:type\" content=\"article\" \/>\n<meta property=\"og:title\" content=\"Home - LC\u200aV Conversion\" \/>\n<meta property=\"og:description\" content=\"Avec la soci\u00e9t\u00e9 LCV Conversion GmbH, je vous offre une activit\u00e9 de conseil en strat\u00e9gie et de management de transition dans le secteur automobile (OEM, distribution et fournisseurs).\" \/>\n<meta property=\"og:url\" content=\"https:\/\/www.lcvconversion.eu\/fr\/\" \/>\n<meta property=\"og:site_name\" content=\"LC\u200aV Conversion\" \/>\n<meta property=\"article:modified_time\" content=\"2021-05-24T16:35:56+00:00\" \/>\n<meta property=\"og:image\" content=\"https:\/\/www.lcvconversion.eu\/wp-content\/uploads\/2018\/08\/LCV-Conversion-vollrath-interim-management-07.png\" \/>\n\t<meta property=\"og:image:width\" content=\"300\" \/>\n\t<meta property=\"og:image:height\" content=\"300\" \/>\n\t<meta property=\"og:image:type\" content=\"image\/png\" \/>\n<meta name=\"twitter:card\" content=\"summary_large_image\" \/>\n<meta name=\"twitter:label1\" content=\"Dur\u00e9e de lecture estim\u00e9e\" \/>\n\t<meta name=\"twitter:data1\" content=\"4 minutes\" \/>\n<script type=\"application\/ld+json\" class=\"yoast-schema-graph\">{\"@context\":\"https:\/\/schema.org\",\"@graph\":[{\"@type\":\"WebPage\",\"@id\":\"https:\/\/www.lcvconversion.eu\/fr\/\",\"url\":\"https:\/\/www.lcvconversion.eu\/fr\/\",\"name\":\"Home - LC\u200aV Conversion\",\"isPartOf\":{\"@id\":\"https:\/\/www.lcvconversion.eu\/#website\"},\"datePublished\":\"2018-09-27T12:27:40+00:00\",\"dateModified\":\"2021-05-24T16:35:56+00:00\",\"description\":\"Avec la soci\u00e9t\u00e9 LCV Conversion GmbH, je vous offre une activit\u00e9 de conseil en strat\u00e9gie et de management de transition dans le secteur automobile (OEM, distribution et fournisseurs).\",\"breadcrumb\":{\"@id\":\"https:\/\/www.lcvconversion.eu\/fr\/#breadcrumb\"},\"inLanguage\":\"fr-FR\",\"potentialAction\":[{\"@type\":\"ReadAction\",\"target\":[\"https:\/\/www.lcvconversion.eu\/fr\/\"]}]},{\"@type\":\"BreadcrumbList\",\"@id\":\"https:\/\/www.lcvconversion.eu\/fr\/#breadcrumb\",\"itemListElement\":[{\"@type\":\"ListItem\",\"position\":1,\"name\":\"Startseite\",\"item\":\"https:\/\/www.lcvconversion.eu\/fr\/\"},{\"@type\":\"ListItem\",\"position\":2,\"name\":\"Home\"}]},{\"@type\":\"WebSite\",\"@id\":\"https:\/\/www.lcvconversion.eu\/#website\",\"url\":\"https:\/\/www.lcvconversion.eu\/\",\"name\":\"LC\u200aV Conversion\",\"description\":\"Experten f\u00fcr Flotten und Transporter\",\"potentialAction\":[{\"@type\":\"SearchAction\",\"target\":{\"@type\":\"EntryPoint\",\"urlTemplate\":\"https:\/\/www.lcvconversion.eu\/?s={search_term_string}\"},\"query-input\":\"required name=search_term_string\"}],\"inLanguage\":\"fr-FR\"}]}<\/script>\n<!-- \/ Yoast SEO plugin. -->","yoast_head_json":{"title":"Home - LC\u200aV Conversion","description":"Avec la soci\u00e9t\u00e9 LCV Conversion GmbH, je vous offre une activit\u00e9 de conseil en strat\u00e9gie et de management de transition dans le secteur automobile (OEM, distribution et fournisseurs).","robots":{"index":"index","follow":"follow","max-snippet":"max-snippet:-1","max-image-preview":"max-image-preview:large","max-video-preview":"max-video-preview:-1"},"canonical":"https:\/\/www.lcvconversion.eu\/fr\/","og_locale":"fr_FR","og_type":"article","og_title":"Home - LC\u200aV Conversion","og_description":"Avec la soci\u00e9t\u00e9 LCV Conversion GmbH, je vous offre une activit\u00e9 de conseil en strat\u00e9gie et de management de transition dans le secteur automobile (OEM, distribution et fournisseurs).","og_url":"https:\/\/www.lcvconversion.eu\/fr\/","og_site_name":"LC\u200aV Conversion","article_modified_time":"2021-05-24T16:35:56+00:00","og_image":[{"width":300,"height":300,"url":"https:\/\/www.lcvconversion.eu\/wp-content\/uploads\/2018\/08\/LCV-Conversion-vollrath-interim-management-07.png","type":"image\/png"}],"twitter_card":"summary_large_image","twitter_misc":{"Dur\u00e9e de lecture estim\u00e9e":"4 minutes"},"schema":{"@context":"https:\/\/schema.org","@graph":[{"@type":"WebPage","@id":"https:\/\/www.lcvconversion.eu\/fr\/","url":"https:\/\/www.lcvconversion.eu\/fr\/","name":"Home - LC\u200aV Conversion","isPartOf":{"@id":"https:\/\/www.lcvconversion.eu\/#website"},"datePublished":"2018-09-27T12:27:40+00:00","dateModified":"2021-05-24T16:35:56+00:00","description":"Avec la soci\u00e9t\u00e9 LCV Conversion GmbH, je vous offre une activit\u00e9 de conseil en strat\u00e9gie et de management de transition dans le secteur automobile (OEM, distribution et fournisseurs).","breadcrumb":{"@id":"https:\/\/www.lcvconversion.eu\/fr\/#breadcrumb"},"inLanguage":"fr-FR","potentialAction":[{"@type":"ReadAction","target":["https:\/\/www.lcvconversion.eu\/fr\/"]}]},{"@type":"BreadcrumbList","@id":"https:\/\/www.lcvconversion.eu\/fr\/#breadcrumb","itemListElement":[{"@type":"ListItem","position":1,"name":"Startseite","item":"https:\/\/www.lcvconversion.eu\/fr\/"},{"@type":"ListItem","position":2,"name":"Home"}]},{"@type":"WebSite","@id":"https:\/\/www.lcvconversion.eu\/#website","url":"https:\/\/www.lcvconversion.eu\/","name":"LC\u200aV Conversion","description":"Experten f\u00fcr Flotten und Transporter","potentialAction":[{"@type":"SearchAction","target":{"@type":"EntryPoint","urlTemplate":"https:\/\/www.lcvconversion.eu\/?s={search_term_string}"},"query-input":"required name=search_term_string"}],"inLanguage":"fr-FR"}]}},"_links":{"self":[{"href":"https:\/\/www.lcvconversion.eu\/fr\/wp-json\/wp\/v2\/pages\/1475"}],"collection":[{"href":"https:\/\/www.lcvconversion.eu\/fr\/wp-json\/wp\/v2\/pages"}],"about":[{"href":"https:\/\/www.lcvconversion.eu\/fr\/wp-json\/wp\/v2\/types\/page"}],"author":[{"embeddable":true,"href":"https:\/\/www.lcvconversion.eu\/fr\/wp-json\/wp\/v2\/users\/4"}],"replies":[{"embeddable":true,"href":"https:\/\/www.lcvconversion.eu\/fr\/wp-json\/wp\/v2\/comments?post=1475"}],"version-history":[{"count":1,"href":"https:\/\/www.lcvconversion.eu\/fr\/wp-json\/wp\/v2\/pages\/1475\/revisions"}],"predecessor-version":[{"id":1645,"href":"https:\/\/www.lcvconversion.eu\/fr\/wp-json\/wp\/v2\/pages\/1475\/revisions\/1645"}],"wp:featuredmedia":[{"embeddable":true,"href":"https:\/\/www.lcvconversion.eu\/fr\/wp-json\/wp\/v2\/media\/1483"}],"wp:attachment":[{"href":"https:\/\/www.lcvconversion.eu\/fr\/wp-json\/wp\/v2\/media?parent=1475"}],"curies":[{"name":"wp","href":"https:\/\/api.w.org\/{rel}","templated":true}]}}