{"id":1469,"date":"2018-09-27T14:15:30","date_gmt":"2018-09-27T12:15:30","guid":{"rendered":"https:\/\/www.lcvconversion.eu\/?page_id=1469"},"modified":"2018-10-09T16:09:48","modified_gmt":"2018-10-09T14:09:48","slug":"fonctionnement","status":"publish","type":"page","link":"https:\/\/www.lcvconversion.eu\/fr\/fonctionnement\/","title":{"rendered":"Fonctionnement"},"content":{"rendered":"<div class=\"fusion-fullwidth fullwidth-box fusion-builder-row-1 nonhundred-percent-fullwidth non-hundred-percent-height-scrolling\" style=\"--awb-border-radius-top-left:0px;--awb-border-radius-top-right:0px;--awb-border-radius-bottom-right:0px;--awb-border-radius-bottom-left:0px;--awb-padding-top:5%;--awb-padding-right:6%;--awb-padding-bottom:6%;--awb-padding-left:6%;--awb-border-sizes-top:0px;--awb-border-sizes-bottom:0px;\" ><div class=\"fusion-builder-row fusion-row\"><div class=\"fusion-layout-column fusion_builder_column fusion-builder-column-0 fusion_builder_column_1_3 1_3 fusion-one-third fusion-column-first fusion-animated\" style=\"--awb-bg-size:cover;--awb-margin-top:20px;--awb-margin-bottom:20px;width:30.6666%; margin-right: 4%;\" data-animationType=\"fadeInDown\" data-animationDuration=\"1.0\" data-animationOffset=\"top-into-view\"><div class=\"fusion-column-wrapper fusion-flex-column-wrapper-legacy\"><div class=\"fusion-text fusion-text-1\"><h2 style=\"text-align: left;\">Tant dans le conseil que dans le management de transition, je respecte une m\u00e9thodologie de travail structur\u00e9e.<\/h2>\n<\/div><div class=\"fusion-clearfix\"><\/div><\/div><\/div><div class=\"fusion-layout-column fusion_builder_column fusion-builder-column-1 fusion_builder_column_2_3 2_3 fusion-two-third fusion-column-last fusion-animated\" style=\"--awb-bg-size:cover;--awb-margin-top:20px;--awb-margin-bottom:20px;width:65.3333%;\" data-animationType=\"fadeInDown\" data-animationDuration=\"1.0\" data-animationOffset=\"top-into-view\"><div class=\"fusion-column-wrapper fusion-flex-column-wrapper-legacy\"><div class=\"fusion-text fusion-text-2\"><p>Cette mani\u00e8re de faire est la cl\u00e9 de ma r\u00e9ussite et autorise en m\u00eame temps une libert\u00e9 d\u2019action et de r\u00e9action dans chaque projet.<\/p>\n<p>Je suis un <strong>homme d&rsquo;action, j&rsquo;aime innover et trouver des solutions<\/strong> \u00e0 tous types de probl\u00e8mes et encourage le dialogue que ce soit avec les ouvriers ou les responsables. Les cadres et membres de direction appr\u00e9cient les \u00e9changes constructifs \u00e0 leur niveau.<\/p>\n<p>Je communique clairement, ouvertement et de mani\u00e8re transparente &#8211; ce sont des caract\u00e9ristiques importantes pour engager et amener les employ\u00e9s et les \u00e9quipes vers un objectif commun. <strong>J\u2019agis en montrant l\u2019exemple \u00e0 l\u2019\u00e9quipe en place dans le respect des mes interlocuteurs.<\/strong><\/p>\n<\/div><div class=\"fusion-clearfix\"><\/div><\/div><\/div><\/div><\/div>\n","protected":false},"excerpt":{"rendered":"","protected":false},"author":4,"featured_media":0,"parent":0,"menu_order":0,"comment_status":"closed","ping_status":"closed","template":"100-width.php","meta":[],"yoast_head":"<!-- This site is optimized with the Yoast SEO plugin v20.5 - https:\/\/yoast.com\/wordpress\/plugins\/seo\/ -->\n<title>Fonctionnement - LC\u200aV Conversion<\/title>\n<meta name=\"description\" content=\"Tant dans le conseil que dans le management de transition, je respecte une m\u00e9thodologie de travail structur\u00e9e.\" \/>\n<meta name=\"robots\" content=\"index, follow, max-snippet:-1, max-image-preview:large, max-video-preview:-1\" \/>\n<link rel=\"canonical\" href=\"https:\/\/www.lcvconversion.eu\/fr\/fonctionnement\/\" \/>\n<meta property=\"og:locale\" content=\"fr_FR\" \/>\n<meta property=\"og:type\" content=\"article\" \/>\n<meta property=\"og:title\" content=\"Fonctionnement - LC\u200aV Conversion\" \/>\n<meta property=\"og:description\" content=\"Tant dans le conseil que dans le management de transition, je respecte une m\u00e9thodologie de travail structur\u00e9e.\" \/>\n<meta property=\"og:url\" content=\"https:\/\/www.lcvconversion.eu\/fr\/fonctionnement\/\" \/>\n<meta property=\"og:site_name\" content=\"LC\u200aV Conversion\" \/>\n<meta property=\"article:modified_time\" content=\"2018-10-09T14:09:48+00:00\" \/>\n<meta name=\"twitter:card\" content=\"summary_large_image\" \/>\n<meta name=\"twitter:label1\" content=\"Dur\u00e9e de lecture estim\u00e9e\" \/>\n\t<meta name=\"twitter:data1\" content=\"2 minutes\" \/>\n<script type=\"application\/ld+json\" class=\"yoast-schema-graph\">{\"@context\":\"https:\/\/schema.org\",\"@graph\":[{\"@type\":\"WebPage\",\"@id\":\"https:\/\/www.lcvconversion.eu\/fr\/fonctionnement\/\",\"url\":\"https:\/\/www.lcvconversion.eu\/fr\/fonctionnement\/\",\"name\":\"Fonctionnement - LC\u200aV Conversion\",\"isPartOf\":{\"@id\":\"https:\/\/www.lcvconversion.eu\/#website\"},\"datePublished\":\"2018-09-27T12:15:30+00:00\",\"dateModified\":\"2018-10-09T14:09:48+00:00\",\"description\":\"Tant dans le conseil que dans le management de transition, je respecte une m\u00e9thodologie de travail structur\u00e9e.\",\"breadcrumb\":{\"@id\":\"https:\/\/www.lcvconversion.eu\/fr\/fonctionnement\/#breadcrumb\"},\"inLanguage\":\"fr-FR\",\"potentialAction\":[{\"@type\":\"ReadAction\",\"target\":[\"https:\/\/www.lcvconversion.eu\/fr\/fonctionnement\/\"]}]},{\"@type\":\"BreadcrumbList\",\"@id\":\"https:\/\/www.lcvconversion.eu\/fr\/fonctionnement\/#breadcrumb\",\"itemListElement\":[{\"@type\":\"ListItem\",\"position\":1,\"name\":\"Startseite\",\"item\":\"https:\/\/www.lcvconversion.eu\/fr\/\"},{\"@type\":\"ListItem\",\"position\":2,\"name\":\"Fonctionnement\"}]},{\"@type\":\"WebSite\",\"@id\":\"https:\/\/www.lcvconversion.eu\/#website\",\"url\":\"https:\/\/www.lcvconversion.eu\/\",\"name\":\"LC\u200aV Conversion\",\"description\":\"Experten f\u00fcr Flotten und Transporter\",\"potentialAction\":[{\"@type\":\"SearchAction\",\"target\":{\"@type\":\"EntryPoint\",\"urlTemplate\":\"https:\/\/www.lcvconversion.eu\/?s={search_term_string}\"},\"query-input\":\"required name=search_term_string\"}],\"inLanguage\":\"fr-FR\"}]}<\/script>\n<!-- \/ Yoast SEO plugin. -->","yoast_head_json":{"title":"Fonctionnement - LC\u200aV Conversion","description":"Tant dans le conseil que dans le management de transition, je respecte une m\u00e9thodologie de travail structur\u00e9e.","robots":{"index":"index","follow":"follow","max-snippet":"max-snippet:-1","max-image-preview":"max-image-preview:large","max-video-preview":"max-video-preview:-1"},"canonical":"https:\/\/www.lcvconversion.eu\/fr\/fonctionnement\/","og_locale":"fr_FR","og_type":"article","og_title":"Fonctionnement - LC\u200aV Conversion","og_description":"Tant dans le conseil que dans le management de transition, je respecte une m\u00e9thodologie de travail structur\u00e9e.","og_url":"https:\/\/www.lcvconversion.eu\/fr\/fonctionnement\/","og_site_name":"LC\u200aV Conversion","article_modified_time":"2018-10-09T14:09:48+00:00","twitter_card":"summary_large_image","twitter_misc":{"Dur\u00e9e de lecture estim\u00e9e":"2 minutes"},"schema":{"@context":"https:\/\/schema.org","@graph":[{"@type":"WebPage","@id":"https:\/\/www.lcvconversion.eu\/fr\/fonctionnement\/","url":"https:\/\/www.lcvconversion.eu\/fr\/fonctionnement\/","name":"Fonctionnement - LC\u200aV Conversion","isPartOf":{"@id":"https:\/\/www.lcvconversion.eu\/#website"},"datePublished":"2018-09-27T12:15:30+00:00","dateModified":"2018-10-09T14:09:48+00:00","description":"Tant dans le conseil que dans le management de transition, je respecte une m\u00e9thodologie de travail structur\u00e9e.","breadcrumb":{"@id":"https:\/\/www.lcvconversion.eu\/fr\/fonctionnement\/#breadcrumb"},"inLanguage":"fr-FR","potentialAction":[{"@type":"ReadAction","target":["https:\/\/www.lcvconversion.eu\/fr\/fonctionnement\/"]}]},{"@type":"BreadcrumbList","@id":"https:\/\/www.lcvconversion.eu\/fr\/fonctionnement\/#breadcrumb","itemListElement":[{"@type":"ListItem","position":1,"name":"Startseite","item":"https:\/\/www.lcvconversion.eu\/fr\/"},{"@type":"ListItem","position":2,"name":"Fonctionnement"}]},{"@type":"WebSite","@id":"https:\/\/www.lcvconversion.eu\/#website","url":"https:\/\/www.lcvconversion.eu\/","name":"LC\u200aV Conversion","description":"Experten f\u00fcr Flotten und Transporter","potentialAction":[{"@type":"SearchAction","target":{"@type":"EntryPoint","urlTemplate":"https:\/\/www.lcvconversion.eu\/?s={search_term_string}"},"query-input":"required name=search_term_string"}],"inLanguage":"fr-FR"}]}},"_links":{"self":[{"href":"https:\/\/www.lcvconversion.eu\/fr\/wp-json\/wp\/v2\/pages\/1469"}],"collection":[{"href":"https:\/\/www.lcvconversion.eu\/fr\/wp-json\/wp\/v2\/pages"}],"about":[{"href":"https:\/\/www.lcvconversion.eu\/fr\/wp-json\/wp\/v2\/types\/page"}],"author":[{"embeddable":true,"href":"https:\/\/www.lcvconversion.eu\/fr\/wp-json\/wp\/v2\/users\/4"}],"replies":[{"embeddable":true,"href":"https:\/\/www.lcvconversion.eu\/fr\/wp-json\/wp\/v2\/comments?post=1469"}],"version-history":[{"count":0,"href":"https:\/\/www.lcvconversion.eu\/fr\/wp-json\/wp\/v2\/pages\/1469\/revisions"}],"wp:attachment":[{"href":"https:\/\/www.lcvconversion.eu\/fr\/wp-json\/wp\/v2\/media?parent=1469"}],"curies":[{"name":"wp","href":"https:\/\/api.w.org\/{rel}","templated":true}]}}